{"id":4580,"date":"2024-06-03T12:21:49","date_gmt":"2024-06-03T09:21:49","guid":{"rendered":"https:\/\/kasfilmfest.com\/finalists\/yol-bizi-nereye-gotururse\/"},"modified":"2025-05-12T05:24:05","modified_gmt":"2025-05-12T02:24:05","slug":"yol-bizi-nereye-gotururse","status":"publish","type":"page","link":"https:\/\/kasfilmfest.com\/en\/archive-24\/yol-bizi-nereye-gotururse\/","title":{"rendered":"Yol Bizi Nereye G\u00f6t\u00fcr\u00fcrse"},"content":{"rendered":"\t\t<div data-elementor-type=\"wp-page\" data-elementor-id=\"4580\" class=\"elementor elementor-4580 elementor-4401\" data-elementor-post-type=\"page\">\n\t\t\t\t\t\t<section class=\"elementor-section elementor-top-section elementor-element elementor-element-77625792 elementor-section-boxed elementor-section-height-default elementor-section-height-default wpr-particle-no wpr-jarallax-no wpr-parallax-no wpr-sticky-section-no wpr-equal-height-no\" data-id=\"77625792\" data-element_type=\"section\" data-e-type=\"section\">\n\t\t\t\t\t\t<div class=\"elementor-container elementor-column-gap-default\">\n\t\t\t\t\t<div class=\"aux-parallax-section elementor-column elementor-col-100 elementor-top-column elementor-element elementor-element-19d46c4e\" data-id=\"19d46c4e\" data-element_type=\"column\" data-e-type=\"column\">\n\t\t\t<div class=\"elementor-widget-wrap elementor-element-populated\">\n\t\t\t\t\t\t<div class=\"elementor-element elementor-element-5d45395a elementor-position-top elementor-widget elementor-widget-image-box\" data-id=\"5d45395a\" data-element_type=\"widget\" data-e-type=\"widget\" data-widget_type=\"image-box.default\">\n\t\t\t\t<div class=\"elementor-widget-container\">\n\t\t\t\t\t<div class=\"elementor-image-box-wrapper\"><figure class=\"elementor-image-box-img\"><img fetchpriority=\"high\" decoding=\"async\" width=\"1922\" height=\"600\" src=\"https:\/\/kasfilmfest.com\/wp-content\/uploads\/2024\/06\/kiff-yol-bizi-nereye-gotururse-cover.png\" class=\"attachment-full size-full wp-image-4404\" alt=\"\" srcset=\"https:\/\/kasfilmfest.com\/wp-content\/uploads\/2024\/06\/kiff-yol-bizi-nereye-gotururse-cover.png 1922w, https:\/\/kasfilmfest.com\/wp-content\/uploads\/2024\/06\/kiff-yol-bizi-nereye-gotururse-cover-1536x480.png 1536w\" \/><\/figure><div class=\"elementor-image-box-content\"><h3 class=\"elementor-image-box-title\">Yol Bizi Nereye G\u00f6t\u00fcr\u00fcrse<\/h3><p class=\"elementor-image-box-description\">dir. Elif B\u00fc\u015fra Kele\u015f, 17'<\/p><\/div><\/div>\t\t\t\t<\/div>\n\t\t\t\t<\/div>\n\t\t\t\t\t<\/div>\n\t\t<\/div>\n\t\t\t\t\t<\/div>\n\t\t<\/section>\n\t\t\t\t<section class=\"elementor-section elementor-top-section elementor-element elementor-element-7a4cb1db elementor-section-boxed elementor-section-height-default elementor-section-height-default wpr-particle-no wpr-jarallax-no wpr-parallax-no wpr-sticky-section-no wpr-equal-height-no\" data-id=\"7a4cb1db\" data-element_type=\"section\" data-e-type=\"section\" data-settings=\"{&quot;background_background&quot;:&quot;gradient&quot;}\">\n\t\t\t\t\t\t<div class=\"elementor-container elementor-column-gap-default\">\n\t\t\t\t\t<div class=\"aux-parallax-section elementor-column elementor-col-100 elementor-top-column elementor-element elementor-element-7cffcf11\" data-id=\"7cffcf11\" data-element_type=\"column\" data-e-type=\"column\">\n\t\t\t<div class=\"elementor-widget-wrap elementor-element-populated\">\n\t\t\t\t\t\t<div class=\"elementor-element elementor-element-2efed5d0 aux-appear-watch-animation aux-fade-in-up elementor-widget elementor-widget-text-editor\" data-id=\"2efed5d0\" data-element_type=\"widget\" data-e-type=\"widget\" data-widget_type=\"text-editor.default\">\n\t\t\t\t<div class=\"elementor-widget-container\">\n\t\t\t\t\t\t\t\t\t<p class=\"p1\"><span style=\"font-weight: 400;\">Havva moves to Madrid with her boyfriend but struggles with language and social isolation, leading to a sense of not belonging. The sociopolitical situation in her home country isn\u2019t better, leaving her feeling trapped. Despite her struggles, music helps her connect with others and express her emotions, providing a glimmer of hope in her situation.<\/span><\/p>\n\t\t\t\t\t\t\t\t<\/div>\n\t\t\t\t<\/div>\n\t\t\t\t\t<\/div>\n\t\t<\/div>\n\t\t\t\t\t<\/div>\n\t\t<\/section>\n\t\t\t\t<section class=\"elementor-section elementor-top-section elementor-element elementor-element-76213e58 elementor-section-boxed elementor-section-height-default elementor-section-height-default wpr-particle-no wpr-jarallax-no wpr-parallax-no wpr-sticky-section-no wpr-equal-height-no\" data-id=\"76213e58\" data-element_type=\"section\" data-e-type=\"section\">\n\t\t\t\t\t\t<div class=\"elementor-container elementor-column-gap-default\">\n\t\t\t\t\t<div class=\"aux-parallax-section elementor-column elementor-col-100 elementor-top-column elementor-element elementor-element-205af848\" data-id=\"205af848\" data-element_type=\"column\" data-e-type=\"column\">\n\t\t\t<div class=\"elementor-widget-wrap elementor-element-populated\">\n\t\t\t\t\t\t<div class=\"elementor-element elementor-element-16423b0f elementor-widget elementor-widget-gallery\" data-id=\"16423b0f\" data-element_type=\"widget\" data-e-type=\"widget\" data-settings=\"{&quot;columns&quot;:3,&quot;gap&quot;:{&quot;unit&quot;:&quot;px&quot;,&quot;size&quot;:25,&quot;sizes&quot;:[]},&quot;aspect_ratio&quot;:&quot;16:9&quot;,&quot;image_hover_animation&quot;:&quot;grow&quot;,&quot;lazyload&quot;:&quot;yes&quot;,&quot;gallery_layout&quot;:&quot;grid&quot;,&quot;columns_tablet&quot;:2,&quot;columns_mobile&quot;:1,&quot;gap_tablet&quot;:{&quot;unit&quot;:&quot;px&quot;,&quot;size&quot;:10,&quot;sizes&quot;:[]},&quot;gap_mobile&quot;:{&quot;unit&quot;:&quot;px&quot;,&quot;size&quot;:10,&quot;sizes&quot;:[]},&quot;link_to&quot;:&quot;file&quot;,&quot;overlay_background&quot;:&quot;yes&quot;,&quot;content_hover_animation&quot;:&quot;fade-in&quot;}\" data-widget_type=\"gallery.default\">\n\t\t\t\t<div class=\"elementor-widget-container\">\n\t\t\t\t\t\t\t<div class=\"elementor-gallery__container\">\n\t\t\t\t\t\t\t<a class=\"e-gallery-item elementor-gallery-item elementor-animated-content\" href=\"https:\/\/kasfilmfest.com\/wp-content\/uploads\/2024\/06\/kiff-yol-bizi-nereye-gotururse-1.png\" data-elementor-open-lightbox=\"yes\" data-elementor-lightbox-slideshow=\"16423b0f\" data-elementor-lightbox-title=\"kiff-yol-bizi-nereye-gotururse-1\" data-e-action-hash=\"#elementor-action%3Aaction%3Dlightbox%26settings%3DeyJpZCI6NDQwNSwidXJsIjoiaHR0cHM6XC9cL2thc2ZpbG1mZXN0LmNvbVwvd3AtY29udGVudFwvdXBsb2Fkc1wvMjAyNFwvMDZcL2tpZmYteW9sLWJpemktbmVyZXllLWdvdHVydXJzZS0xLnBuZyIsInNsaWRlc2hvdyI6IjE2NDIzYjBmIn0%3D\">\n\t\t\t\t\t<div class=\"e-gallery-image elementor-gallery-item__image\" data-thumbnail=\"https:\/\/kasfilmfest.com\/wp-content\/uploads\/2024\/06\/kiff-yol-bizi-nereye-gotururse-1-768x768.png\" data-width=\"768\" data-height=\"768\" aria-label=\"\" role=\"img\" ><\/div>\n\t\t\t\t\t\t\t\t\t\t\t<div class=\"elementor-gallery-item__overlay\"><\/div>\n\t\t\t\t\t\t\t\t\t\t\t\t\t\t<\/a>\n\t\t\t\t\t\t\t<a class=\"e-gallery-item elementor-gallery-item elementor-animated-content\" href=\"https:\/\/kasfilmfest.com\/wp-content\/uploads\/2024\/06\/kiff-yol-bizi-nereye-gotururse-2.png\" data-elementor-open-lightbox=\"yes\" data-elementor-lightbox-slideshow=\"16423b0f\" data-elementor-lightbox-title=\"kiff-yol-bizi-nereye-gotururse-2\" data-e-action-hash=\"#elementor-action%3Aaction%3Dlightbox%26settings%3DeyJpZCI6NDQwNiwidXJsIjoiaHR0cHM6XC9cL2thc2ZpbG1mZXN0LmNvbVwvd3AtY29udGVudFwvdXBsb2Fkc1wvMjAyNFwvMDZcL2tpZmYteW9sLWJpemktbmVyZXllLWdvdHVydXJzZS0yLnBuZyIsInNsaWRlc2hvdyI6IjE2NDIzYjBmIn0%3D\">\n\t\t\t\t\t<div class=\"e-gallery-image elementor-gallery-item__image\" data-thumbnail=\"https:\/\/kasfilmfest.com\/wp-content\/uploads\/2024\/06\/kiff-yol-bizi-nereye-gotururse-2-768x768.png\" data-width=\"768\" data-height=\"768\" aria-label=\"\" role=\"img\" ><\/div>\n\t\t\t\t\t\t\t\t\t\t\t<div class=\"elementor-gallery-item__overlay\"><\/div>\n\t\t\t\t\t\t\t\t\t\t\t\t\t\t<\/a>\n\t\t\t\t\t\t\t<a class=\"e-gallery-item elementor-gallery-item elementor-animated-content\" href=\"https:\/\/kasfilmfest.com\/wp-content\/uploads\/2024\/06\/kiff-yol-bizi-nereye-gotururse-3.png\" data-elementor-open-lightbox=\"yes\" data-elementor-lightbox-slideshow=\"16423b0f\" data-elementor-lightbox-title=\"kiff-yol-bizi-nereye-gotururse-3\" data-e-action-hash=\"#elementor-action%3Aaction%3Dlightbox%26settings%3DeyJpZCI6NDQwNywidXJsIjoiaHR0cHM6XC9cL2thc2ZpbG1mZXN0LmNvbVwvd3AtY29udGVudFwvdXBsb2Fkc1wvMjAyNFwvMDZcL2tpZmYteW9sLWJpemktbmVyZXllLWdvdHVydXJzZS0zLnBuZyIsInNsaWRlc2hvdyI6IjE2NDIzYjBmIn0%3D\">\n\t\t\t\t\t<div class=\"e-gallery-image elementor-gallery-item__image\" data-thumbnail=\"https:\/\/kasfilmfest.com\/wp-content\/uploads\/2024\/06\/kiff-yol-bizi-nereye-gotururse-3-768x768.png\" data-width=\"768\" data-height=\"768\" aria-label=\"\" role=\"img\" ><\/div>\n\t\t\t\t\t\t\t\t\t\t\t<div class=\"elementor-gallery-item__overlay\"><\/div>\n\t\t\t\t\t\t\t\t\t\t\t\t\t\t<\/a>\n\t\t\t\t\t<\/div>\n\t\t\t\t\t<\/div>\n\t\t\t\t<\/div>\n\t\t\t\t\t<\/div>\n\t\t<\/div>\n\t\t\t\t\t<\/div>\n\t\t<\/section>\n\t\t\t\t<\/div>\n\t\t","protected":false},"excerpt":{"rendered":"<p>Yol Bizi Nereye G\u00f6t\u00fcr\u00fcrse dir. Elif B\u00fc\u015fra Kele\u015f, 17&#8242; Havva moves to Madrid with her boyfriend but struggles with language and social isolation, leading to a sense of not belonging. The sociopolitical situation in her home country isn\u2019t better, leaving her feeling trapped. Despite her struggles, music helps her connect with others and express her emotions, providing a glimmer of hope in her situation.<\/p>\n","protected":false},"author":1,"featured_media":0,"parent":4741,"menu_order":0,"comment_status":"closed","ping_status":"closed","template":"","meta":{"_coblocks_attr":"","_coblocks_dimensions":"","_coblocks_responsive_height":"","_coblocks_accordion_ie_support":"","_monsterinsights_skip_tracking":false,"_monsterinsights_sitenote_active":false,"_monsterinsights_sitenote_note":"","_monsterinsights_sitenote_category":0,"footnotes":""},"class_list":["post-4580","page","type-page","status-publish","hentry"],"_links":{"self":[{"href":"https:\/\/kasfilmfest.com\/en\/wp-json\/wp\/v2\/pages\/4580","targetHints":{"allow":["GET"]}}],"collection":[{"href":"https:\/\/kasfilmfest.com\/en\/wp-json\/wp\/v2\/pages"}],"about":[{"href":"https:\/\/kasfilmfest.com\/en\/wp-json\/wp\/v2\/types\/page"}],"author":[{"embeddable":true,"href":"https:\/\/kasfilmfest.com\/en\/wp-json\/wp\/v2\/users\/1"}],"replies":[{"embeddable":true,"href":"https:\/\/kasfilmfest.com\/en\/wp-json\/wp\/v2\/comments?post=4580"}],"version-history":[{"count":1,"href":"https:\/\/kasfilmfest.com\/en\/wp-json\/wp\/v2\/pages\/4580\/revisions"}],"predecessor-version":[{"id":4581,"href":"https:\/\/kasfilmfest.com\/en\/wp-json\/wp\/v2\/pages\/4580\/revisions\/4581"}],"up":[{"embeddable":true,"href":"https:\/\/kasfilmfest.com\/en\/wp-json\/wp\/v2\/pages\/4741"}],"wp:attachment":[{"href":"https:\/\/kasfilmfest.com\/en\/wp-json\/wp\/v2\/media?parent=4580"}],"curies":[{"name":"wp","href":"https:\/\/api.w.org\/{rel}","templated":true}]}}