{"id":3715,"date":"2023-05-09T16:23:30","date_gmt":"2023-05-09T13:23:30","guid":{"rendered":"https:\/\/kasfilmfest.com\/finalists-23\/birlikte-yalniz\/"},"modified":"2023-12-04T06:14:18","modified_gmt":"2023-12-04T03:14:18","slug":"birlikte-yalniz","status":"publish","type":"page","link":"https:\/\/kasfilmfest.com\/en\/archive-2023\/birlikte-yalniz\/","title":{"rendered":"Birlikte, Yaln\u0131z"},"content":{"rendered":"\t\t<div data-elementor-type=\"wp-page\" data-elementor-id=\"3715\" class=\"elementor elementor-3715 elementor-2334\" data-elementor-post-type=\"page\">\n\t\t\t\t\t\t<section class=\"elementor-section elementor-top-section elementor-element elementor-element-49ca868a elementor-section-boxed elementor-section-height-default elementor-section-height-default wpr-particle-no wpr-jarallax-no wpr-parallax-no wpr-sticky-section-no wpr-column-slider-no wpr-equal-height-no\" data-id=\"49ca868a\" data-element_type=\"section\" data-e-type=\"section\">\n\t\t\t\t\t\t<div class=\"elementor-container elementor-column-gap-default\">\n\t\t\t\t\t<div class=\"aux-parallax-section elementor-column elementor-col-100 elementor-top-column elementor-element elementor-element-40bc32b0\" data-id=\"40bc32b0\" data-element_type=\"column\" data-e-type=\"column\">\n\t\t\t<div class=\"elementor-widget-wrap elementor-element-populated\">\n\t\t\t\t\t\t<div class=\"elementor-element elementor-element-607c7eb2 elementor-position-top elementor-widget elementor-widget-image-box\" data-id=\"607c7eb2\" data-element_type=\"widget\" data-e-type=\"widget\" data-widget_type=\"image-box.default\">\n\t\t\t\t<div class=\"elementor-widget-container\">\n\t\t\t\t\t<div class=\"elementor-image-box-wrapper\"><figure class=\"elementor-image-box-img\"><img fetchpriority=\"high\" decoding=\"async\" width=\"1920\" height=\"601\" src=\"https:\/\/kasfilmfest.com\/wp-content\/uploads\/2023\/05\/kff-birlikte-yalniz-poster.png\" class=\"attachment-full size-full wp-image-2350\" alt=\"\" srcset=\"https:\/\/kasfilmfest.com\/wp-content\/uploads\/2023\/05\/kff-birlikte-yalniz-poster.png 1920w, https:\/\/kasfilmfest.com\/wp-content\/uploads\/2023\/05\/kff-birlikte-yalniz-poster-1536x481.png 1536w\" \/><\/figure><div class=\"elementor-image-box-content\"><h3 class=\"elementor-image-box-title\">Birlikte, Yaln\u0131z<\/h3><p class=\"elementor-image-box-description\">dir. Kas\u0131m \u00d6rdek,  20\u2019<\/p><\/div><\/div>\t\t\t\t<\/div>\n\t\t\t\t<\/div>\n\t\t\t\t\t<\/div>\n\t\t<\/div>\n\t\t\t\t\t<\/div>\n\t\t<\/section>\n\t\t\t\t<section class=\"elementor-section elementor-top-section elementor-element elementor-element-52922263 elementor-section-boxed elementor-section-height-default elementor-section-height-default wpr-particle-no wpr-jarallax-no wpr-parallax-no wpr-sticky-section-no wpr-column-slider-no wpr-equal-height-no\" data-id=\"52922263\" data-element_type=\"section\" data-e-type=\"section\" data-settings=\"{&quot;background_background&quot;:&quot;gradient&quot;}\">\n\t\t\t\t\t\t<div class=\"elementor-container elementor-column-gap-default\">\n\t\t\t\t\t<div class=\"aux-parallax-section elementor-column elementor-col-100 elementor-top-column elementor-element elementor-element-1ab51a1e\" data-id=\"1ab51a1e\" data-element_type=\"column\" data-e-type=\"column\">\n\t\t\t<div class=\"elementor-widget-wrap elementor-element-populated\">\n\t\t\t\t\t\t<div class=\"elementor-element elementor-element-62731b49 aux-appear-watch-animation aux-fade-in-up elementor-widget elementor-widget-text-editor\" data-id=\"62731b49\" data-element_type=\"widget\" data-e-type=\"widget\" data-widget_type=\"text-editor.default\">\n\t\t\t\t<div class=\"elementor-widget-container\">\n\t\t\t\t\t\t\t\t\t<p class=\"p1\">Young couple, Sevgi and Do\u011fan, who make a living by stealing cars in the ghettos of Istanbul, steal a car with foreign license plates during the most tense period of their relationship. However, \u201cthis\u201dstolen car will take The events revolving around lies and fear force them to face some truths about their love, their values, or lack of, and their choices.<\/p>\n\t\t\t\t\t\t\t\t<\/div>\n\t\t\t\t<\/div>\n\t\t\t\t\t<\/div>\n\t\t<\/div>\n\t\t\t\t\t<\/div>\n\t\t<\/section>\n\t\t\t\t<section class=\"elementor-section elementor-top-section elementor-element elementor-element-4d8e500e elementor-section-boxed elementor-section-height-default elementor-section-height-default wpr-particle-no wpr-jarallax-no wpr-parallax-no wpr-sticky-section-no wpr-column-slider-no wpr-equal-height-no\" data-id=\"4d8e500e\" data-element_type=\"section\" data-e-type=\"section\">\n\t\t\t\t\t\t<div class=\"elementor-container elementor-column-gap-default\">\n\t\t\t\t\t<div class=\"aux-parallax-section elementor-column elementor-col-100 elementor-top-column elementor-element elementor-element-1452e567\" data-id=\"1452e567\" data-element_type=\"column\" data-e-type=\"column\">\n\t\t\t<div class=\"elementor-widget-wrap elementor-element-populated\">\n\t\t\t\t\t\t<div class=\"elementor-element elementor-element-55613ea8 elementor-widget elementor-widget-gallery\" data-id=\"55613ea8\" data-element_type=\"widget\" data-e-type=\"widget\" data-settings=\"{&quot;columns&quot;:3,&quot;gap&quot;:{&quot;unit&quot;:&quot;px&quot;,&quot;size&quot;:25,&quot;sizes&quot;:[]},&quot;aspect_ratio&quot;:&quot;16:9&quot;,&quot;image_hover_animation&quot;:&quot;grow&quot;,&quot;lazyload&quot;:&quot;yes&quot;,&quot;gallery_layout&quot;:&quot;grid&quot;,&quot;columns_tablet&quot;:2,&quot;columns_mobile&quot;:1,&quot;gap_tablet&quot;:{&quot;unit&quot;:&quot;px&quot;,&quot;size&quot;:10,&quot;sizes&quot;:[]},&quot;gap_mobile&quot;:{&quot;unit&quot;:&quot;px&quot;,&quot;size&quot;:10,&quot;sizes&quot;:[]},&quot;link_to&quot;:&quot;file&quot;,&quot;overlay_background&quot;:&quot;yes&quot;,&quot;content_hover_animation&quot;:&quot;fade-in&quot;}\" data-widget_type=\"gallery.default\">\n\t\t\t\t<div class=\"elementor-widget-container\">\n\t\t\t\t\t\t\t<div class=\"elementor-gallery__container\">\n\t\t\t\t\t\t\t<a class=\"e-gallery-item elementor-gallery-item elementor-animated-content\" href=\"https:\/\/kasfilmfest.com\/wp-content\/uploads\/2023\/05\/kff-birlikte-yalniz-3.png\" data-elementor-open-lightbox=\"yes\" data-elementor-lightbox-slideshow=\"55613ea8\" data-elementor-lightbox-title=\"kff-birlikte-yalniz-3\" data-e-action-hash=\"#elementor-action%3Aaction%3Dlightbox%26settings%3DeyJpZCI6MjM0OCwidXJsIjoiaHR0cHM6XC9cL2thc2ZpbG1mZXN0LmNvbVwvd3AtY29udGVudFwvdXBsb2Fkc1wvMjAyM1wvMDVcL2tmZi1iaXJsaWt0ZS15YWxuaXotMy5wbmciLCJzbGlkZXNob3ciOiI1NTYxM2VhOCJ9\">\n\t\t\t\t\t<div class=\"e-gallery-image elementor-gallery-item__image\" data-thumbnail=\"https:\/\/kasfilmfest.com\/wp-content\/uploads\/2023\/05\/kff-birlikte-yalniz-3-768x768.png\" data-width=\"768\" data-height=\"768\" aria-label=\"\" role=\"img\" ><\/div>\n\t\t\t\t\t\t\t\t\t\t\t<div class=\"elementor-gallery-item__overlay\"><\/div>\n\t\t\t\t\t\t\t\t\t\t\t\t\t\t<\/a>\n\t\t\t\t\t\t\t<a class=\"e-gallery-item elementor-gallery-item elementor-animated-content\" href=\"https:\/\/kasfilmfest.com\/wp-content\/uploads\/2023\/05\/kff-birlikte-yalniz-2.png\" data-elementor-open-lightbox=\"yes\" data-elementor-lightbox-slideshow=\"55613ea8\" data-elementor-lightbox-title=\"kff-birlikte-yalniz-2\" data-e-action-hash=\"#elementor-action%3Aaction%3Dlightbox%26settings%3DeyJpZCI6MjM0NywidXJsIjoiaHR0cHM6XC9cL2thc2ZpbG1mZXN0LmNvbVwvd3AtY29udGVudFwvdXBsb2Fkc1wvMjAyM1wvMDVcL2tmZi1iaXJsaWt0ZS15YWxuaXotMi5wbmciLCJzbGlkZXNob3ciOiI1NTYxM2VhOCJ9\">\n\t\t\t\t\t<div class=\"e-gallery-image elementor-gallery-item__image\" data-thumbnail=\"https:\/\/kasfilmfest.com\/wp-content\/uploads\/2023\/05\/kff-birlikte-yalniz-2-768x768.png\" data-width=\"768\" data-height=\"768\" aria-label=\"\" role=\"img\" ><\/div>\n\t\t\t\t\t\t\t\t\t\t\t<div class=\"elementor-gallery-item__overlay\"><\/div>\n\t\t\t\t\t\t\t\t\t\t\t\t\t\t<\/a>\n\t\t\t\t\t\t\t<a class=\"e-gallery-item elementor-gallery-item elementor-animated-content\" href=\"https:\/\/kasfilmfest.com\/wp-content\/uploads\/2023\/05\/kff-birlikte-yalniz-1.png\" data-elementor-open-lightbox=\"yes\" data-elementor-lightbox-slideshow=\"55613ea8\" data-elementor-lightbox-title=\"kff-birlikte-yalniz-1\" data-e-action-hash=\"#elementor-action%3Aaction%3Dlightbox%26settings%3DeyJpZCI6MjM0NiwidXJsIjoiaHR0cHM6XC9cL2thc2ZpbG1mZXN0LmNvbVwvd3AtY29udGVudFwvdXBsb2Fkc1wvMjAyM1wvMDVcL2tmZi1iaXJsaWt0ZS15YWxuaXotMS5wbmciLCJzbGlkZXNob3ciOiI1NTYxM2VhOCJ9\">\n\t\t\t\t\t<div class=\"e-gallery-image elementor-gallery-item__image\" data-thumbnail=\"https:\/\/kasfilmfest.com\/wp-content\/uploads\/2023\/05\/kff-birlikte-yalniz-1-768x768.png\" data-width=\"768\" data-height=\"768\" aria-label=\"\" role=\"img\" ><\/div>\n\t\t\t\t\t\t\t\t\t\t\t<div class=\"elementor-gallery-item__overlay\"><\/div>\n\t\t\t\t\t\t\t\t\t\t\t\t\t\t<\/a>\n\t\t\t\t\t<\/div>\n\t\t\t\t\t<\/div>\n\t\t\t\t<\/div>\n\t\t\t\t\t<\/div>\n\t\t<\/div>\n\t\t\t\t\t<\/div>\n\t\t<\/section>\n\t\t\t\t<\/div>\n\t\t","protected":false},"excerpt":{"rendered":"<p>Birlikte, Yaln\u0131z dir. Kas\u0131m \u00d6rdek, 20\u2019 Young couple, Sevgi and Do\u011fan, who make a living by stealing cars in the ghettos of Istanbul, steal a car with foreign license plates during the most tense period of their relationship. However, \u201cthis\u201dstolen car will take The events revolving around lies and fear force them to face some truths about their love, their values, or lack of, and their choices.<\/p>\n","protected":false},"author":1,"featured_media":0,"parent":3673,"menu_order":0,"comment_status":"closed","ping_status":"closed","template":"","meta":{"_coblocks_attr":"","_coblocks_dimensions":"","_coblocks_responsive_height":"","_coblocks_accordion_ie_support":"","_monsterinsights_skip_tracking":false,"_monsterinsights_sitenote_active":false,"_monsterinsights_sitenote_note":"","_monsterinsights_sitenote_category":0,"footnotes":""},"class_list":["post-3715","page","type-page","status-publish","hentry"],"_links":{"self":[{"href":"https:\/\/kasfilmfest.com\/en\/wp-json\/wp\/v2\/pages\/3715","targetHints":{"allow":["GET"]}}],"collection":[{"href":"https:\/\/kasfilmfest.com\/en\/wp-json\/wp\/v2\/pages"}],"about":[{"href":"https:\/\/kasfilmfest.com\/en\/wp-json\/wp\/v2\/types\/page"}],"author":[{"embeddable":true,"href":"https:\/\/kasfilmfest.com\/en\/wp-json\/wp\/v2\/users\/1"}],"replies":[{"embeddable":true,"href":"https:\/\/kasfilmfest.com\/en\/wp-json\/wp\/v2\/comments?post=3715"}],"version-history":[{"count":1,"href":"https:\/\/kasfilmfest.com\/en\/wp-json\/wp\/v2\/pages\/3715\/revisions"}],"predecessor-version":[{"id":3716,"href":"https:\/\/kasfilmfest.com\/en\/wp-json\/wp\/v2\/pages\/3715\/revisions\/3716"}],"up":[{"embeddable":true,"href":"https:\/\/kasfilmfest.com\/en\/wp-json\/wp\/v2\/pages\/3673"}],"wp:attachment":[{"href":"https:\/\/kasfilmfest.com\/en\/wp-json\/wp\/v2\/media?parent=3715"}],"curies":[{"name":"wp","href":"https:\/\/api.w.org\/{rel}","templated":true}]}}