{"id":3629,"date":"2022-06-15T00:40:20","date_gmt":"2022-06-14T21:40:20","guid":{"rendered":"https:\/\/kasfilmfest.com\/archive-22\/ayni-gecenin-laciverti\/"},"modified":"2023-12-04T05:47:58","modified_gmt":"2023-12-04T02:47:58","slug":"ayni-gecenin-laciverti","status":"publish","type":"page","link":"https:\/\/kasfilmfest.com\/en\/archive-22\/ayni-gecenin-laciverti\/","title":{"rendered":"Ayn\u0131 Gecenin Laciverti"},"content":{"rendered":"\t\t<div data-elementor-type=\"wp-page\" data-elementor-id=\"3629\" class=\"elementor elementor-3629 elementor-1598\" data-elementor-post-type=\"page\">\n\t\t\t\t\t\t<section class=\"elementor-section elementor-top-section elementor-element elementor-element-38ff04f9 elementor-section-boxed elementor-section-height-default elementor-section-height-default wpr-particle-no wpr-jarallax-no wpr-parallax-no wpr-sticky-section-no wpr-equal-height-no\" data-id=\"38ff04f9\" data-element_type=\"section\" data-e-type=\"section\">\n\t\t\t\t\t\t<div class=\"elementor-container elementor-column-gap-default\">\n\t\t\t\t\t<div class=\"aux-parallax-section elementor-column elementor-col-100 elementor-top-column elementor-element elementor-element-5408e89a\" data-id=\"5408e89a\" data-element_type=\"column\" data-e-type=\"column\">\n\t\t\t<div class=\"elementor-widget-wrap elementor-element-populated\">\n\t\t\t\t\t\t<div class=\"elementor-element elementor-element-a2cdf1f elementor-position-top elementor-widget elementor-widget-image-box\" data-id=\"a2cdf1f\" data-element_type=\"widget\" data-e-type=\"widget\" data-widget_type=\"image-box.default\">\n\t\t\t\t<div class=\"elementor-widget-container\">\n\t\t\t\t\t<div class=\"elementor-image-box-wrapper\"><figure class=\"elementor-image-box-img\"><img fetchpriority=\"high\" decoding=\"async\" width=\"1920\" height=\"600\" src=\"https:\/\/kasfilmfest.com\/wp-content\/uploads\/2022\/06\/kff-ayni-gecenin-laciverti-cover.jpg\" class=\"attachment-full size-full wp-image-1665\" alt=\"\" srcset=\"https:\/\/kasfilmfest.com\/wp-content\/uploads\/2022\/06\/kff-ayni-gecenin-laciverti-cover.jpg 1920w, https:\/\/kasfilmfest.com\/wp-content\/uploads\/2022\/06\/kff-ayni-gecenin-laciverti-cover-1536x480.jpg 1536w\" \/><\/figure><div class=\"elementor-image-box-content\"><h3 class=\"elementor-image-box-title\">Ayn\u0131 Gecenin Laciverti<\/h3><p class=\"elementor-image-box-description\">dir. Nuri Cihan \u00d6zdo\u011fan, 15\u2019<\/p><\/div><\/div>\t\t\t\t<\/div>\n\t\t\t\t<\/div>\n\t\t\t\t\t<\/div>\n\t\t<\/div>\n\t\t\t\t\t<\/div>\n\t\t<\/section>\n\t\t\t\t<section class=\"elementor-section elementor-top-section elementor-element elementor-element-73d6a5ad elementor-section-boxed elementor-section-height-default elementor-section-height-default wpr-particle-no wpr-jarallax-no wpr-parallax-no wpr-sticky-section-no wpr-equal-height-no\" data-id=\"73d6a5ad\" data-element_type=\"section\" data-e-type=\"section\" data-settings=\"{&quot;background_background&quot;:&quot;gradient&quot;}\">\n\t\t\t\t\t\t<div class=\"elementor-container elementor-column-gap-default\">\n\t\t\t\t\t<div class=\"aux-parallax-section elementor-column elementor-col-100 elementor-top-column elementor-element elementor-element-518a5e9f\" data-id=\"518a5e9f\" data-element_type=\"column\" data-e-type=\"column\">\n\t\t\t<div class=\"elementor-widget-wrap elementor-element-populated\">\n\t\t\t\t\t\t<div class=\"elementor-element elementor-element-115ea3da aux-appear-watch-animation aux-fade-in-up elementor-widget elementor-widget-text-editor\" data-id=\"115ea3da\" data-element_type=\"widget\" data-e-type=\"widget\" data-widget_type=\"text-editor.default\">\n\t\t\t\t<div class=\"elementor-widget-container\">\n\t\t\t\t\t\t\t\t\t<p class=\"p1\">In the present time, an old antiquarian owns a stamp which belongs to a letter sent by Adolf Hitler to Turkey during the Second World War. Kadir, ex-accomplice of Yagmur who has sworn off stealing, is after the stamp that is worth millions. He now has to persuade Yagmur to impeccably carry on with his plan. During the same night when different stories intersect, this precious stamp will end up in the hands of the one who treats it with the dignity it deserves.<\/p>\n\t\t\t\t\t\t\t\t<\/div>\n\t\t\t\t<\/div>\n\t\t\t\t\t<\/div>\n\t\t<\/div>\n\t\t\t\t\t<\/div>\n\t\t<\/section>\n\t\t\t\t<section class=\"elementor-section elementor-top-section elementor-element elementor-element-10ffd8f2 elementor-section-boxed elementor-section-height-default elementor-section-height-default wpr-particle-no wpr-jarallax-no wpr-parallax-no wpr-sticky-section-no wpr-equal-height-no\" data-id=\"10ffd8f2\" data-element_type=\"section\" data-e-type=\"section\">\n\t\t\t\t\t\t<div class=\"elementor-container elementor-column-gap-default\">\n\t\t\t\t\t<div class=\"aux-parallax-section elementor-column elementor-col-100 elementor-top-column elementor-element elementor-element-7ec3ab10\" data-id=\"7ec3ab10\" data-element_type=\"column\" data-e-type=\"column\">\n\t\t\t<div class=\"elementor-widget-wrap elementor-element-populated\">\n\t\t\t\t\t\t<div class=\"elementor-element elementor-element-11a16112 elementor-widget elementor-widget-gallery\" data-id=\"11a16112\" data-element_type=\"widget\" data-e-type=\"widget\" data-settings=\"{&quot;columns&quot;:3,&quot;gap&quot;:{&quot;unit&quot;:&quot;px&quot;,&quot;size&quot;:25,&quot;sizes&quot;:[]},&quot;aspect_ratio&quot;:&quot;16:9&quot;,&quot;image_hover_animation&quot;:&quot;grow&quot;,&quot;lazyload&quot;:&quot;yes&quot;,&quot;gallery_layout&quot;:&quot;grid&quot;,&quot;columns_tablet&quot;:2,&quot;columns_mobile&quot;:1,&quot;gap_tablet&quot;:{&quot;unit&quot;:&quot;px&quot;,&quot;size&quot;:10,&quot;sizes&quot;:[]},&quot;gap_mobile&quot;:{&quot;unit&quot;:&quot;px&quot;,&quot;size&quot;:10,&quot;sizes&quot;:[]},&quot;link_to&quot;:&quot;file&quot;,&quot;overlay_background&quot;:&quot;yes&quot;,&quot;content_hover_animation&quot;:&quot;fade-in&quot;}\" data-widget_type=\"gallery.default\">\n\t\t\t\t<div class=\"elementor-widget-container\">\n\t\t\t\t\t\t\t<div class=\"elementor-gallery__container\">\n\t\t\t\t\t\t\t<a class=\"e-gallery-item elementor-gallery-item elementor-animated-content\" href=\"https:\/\/kasfilmfest.com\/wp-content\/uploads\/2022\/06\/kff-ayni-gecenin-laciverti-1.jpg\" data-elementor-open-lightbox=\"yes\" data-elementor-lightbox-slideshow=\"11a16112\" data-elementor-lightbox-title=\"kff-ayni-gecenin-laciverti-1\" data-e-action-hash=\"#elementor-action%3Aaction%3Dlightbox%26settings%3DeyJpZCI6MTQxNSwidXJsIjoiaHR0cHM6XC9cL2thc2ZpbG1mZXN0LmNvbVwvd3AtY29udGVudFwvdXBsb2Fkc1wvMjAyMlwvMDZcL2tmZi1heW5pLWdlY2VuaW4tbGFjaXZlcnRpLTEuanBnIiwic2xpZGVzaG93IjoiMTFhMTYxMTIifQ%3D%3D\">\n\t\t\t\t\t<div class=\"e-gallery-image elementor-gallery-item__image\" data-thumbnail=\"https:\/\/kasfilmfest.com\/wp-content\/uploads\/2022\/06\/kff-ayni-gecenin-laciverti-1-768x768.jpg\" data-width=\"768\" data-height=\"768\" aria-label=\"\" role=\"img\" ><\/div>\n\t\t\t\t\t\t\t\t\t\t\t<div class=\"elementor-gallery-item__overlay\"><\/div>\n\t\t\t\t\t\t\t\t\t\t\t\t\t\t<\/a>\n\t\t\t\t\t\t\t<a class=\"e-gallery-item elementor-gallery-item elementor-animated-content\" href=\"https:\/\/kasfilmfest.com\/wp-content\/uploads\/2022\/06\/kff-ayni-gecenin-laciverti-2.jpg\" data-elementor-open-lightbox=\"yes\" data-elementor-lightbox-slideshow=\"11a16112\" data-elementor-lightbox-title=\"kff-ayni-gecenin-laciverti-2\" data-e-action-hash=\"#elementor-action%3Aaction%3Dlightbox%26settings%3DeyJpZCI6MTQxNiwidXJsIjoiaHR0cHM6XC9cL2thc2ZpbG1mZXN0LmNvbVwvd3AtY29udGVudFwvdXBsb2Fkc1wvMjAyMlwvMDZcL2tmZi1heW5pLWdlY2VuaW4tbGFjaXZlcnRpLTIuanBnIiwic2xpZGVzaG93IjoiMTFhMTYxMTIifQ%3D%3D\">\n\t\t\t\t\t<div class=\"e-gallery-image elementor-gallery-item__image\" data-thumbnail=\"https:\/\/kasfilmfest.com\/wp-content\/uploads\/2022\/06\/kff-ayni-gecenin-laciverti-2-768x768.jpg\" data-width=\"768\" data-height=\"768\" aria-label=\"\" role=\"img\" ><\/div>\n\t\t\t\t\t\t\t\t\t\t\t<div class=\"elementor-gallery-item__overlay\"><\/div>\n\t\t\t\t\t\t\t\t\t\t\t\t\t\t<\/a>\n\t\t\t\t\t\t\t<a class=\"e-gallery-item elementor-gallery-item elementor-animated-content\" href=\"https:\/\/kasfilmfest.com\/wp-content\/uploads\/2022\/06\/kff-ayni-gecenin-laciverti-3.jpg\" data-elementor-open-lightbox=\"yes\" data-elementor-lightbox-slideshow=\"11a16112\" data-elementor-lightbox-title=\"kff-ayni-gecenin-laciverti-3\" data-e-action-hash=\"#elementor-action%3Aaction%3Dlightbox%26settings%3DeyJpZCI6MTQxNywidXJsIjoiaHR0cHM6XC9cL2thc2ZpbG1mZXN0LmNvbVwvd3AtY29udGVudFwvdXBsb2Fkc1wvMjAyMlwvMDZcL2tmZi1heW5pLWdlY2VuaW4tbGFjaXZlcnRpLTMuanBnIiwic2xpZGVzaG93IjoiMTFhMTYxMTIifQ%3D%3D\">\n\t\t\t\t\t<div class=\"e-gallery-image elementor-gallery-item__image\" data-thumbnail=\"https:\/\/kasfilmfest.com\/wp-content\/uploads\/2022\/06\/kff-ayni-gecenin-laciverti-3-768x768.jpg\" data-width=\"768\" data-height=\"768\" aria-label=\"\" role=\"img\" ><\/div>\n\t\t\t\t\t\t\t\t\t\t\t<div class=\"elementor-gallery-item__overlay\"><\/div>\n\t\t\t\t\t\t\t\t\t\t\t\t\t\t<\/a>\n\t\t\t\t\t\t\t<a class=\"e-gallery-item elementor-gallery-item elementor-animated-content\" href=\"https:\/\/kasfilmfest.com\/wp-content\/uploads\/2022\/06\/kff-ayni-gecenin-laciverti-4.jpg\" data-elementor-open-lightbox=\"yes\" data-elementor-lightbox-slideshow=\"11a16112\" data-elementor-lightbox-title=\"kff-ayni-gecenin-laciverti-4\" data-e-action-hash=\"#elementor-action%3Aaction%3Dlightbox%26settings%3DeyJpZCI6MTQxOCwidXJsIjoiaHR0cHM6XC9cL2thc2ZpbG1mZXN0LmNvbVwvd3AtY29udGVudFwvdXBsb2Fkc1wvMjAyMlwvMDZcL2tmZi1heW5pLWdlY2VuaW4tbGFjaXZlcnRpLTQuanBnIiwic2xpZGVzaG93IjoiMTFhMTYxMTIifQ%3D%3D\">\n\t\t\t\t\t<div class=\"e-gallery-image elementor-gallery-item__image\" data-thumbnail=\"https:\/\/kasfilmfest.com\/wp-content\/uploads\/2022\/06\/kff-ayni-gecenin-laciverti-4-768x768.jpg\" data-width=\"768\" data-height=\"768\" aria-label=\"\" role=\"img\" ><\/div>\n\t\t\t\t\t\t\t\t\t\t\t<div class=\"elementor-gallery-item__overlay\"><\/div>\n\t\t\t\t\t\t\t\t\t\t\t\t\t\t<\/a>\n\t\t\t\t\t\t\t<a class=\"e-gallery-item elementor-gallery-item elementor-animated-content\" href=\"https:\/\/kasfilmfest.com\/wp-content\/uploads\/2022\/06\/kff-ayni-gecenin-laciverti-5.jpg\" data-elementor-open-lightbox=\"yes\" data-elementor-lightbox-slideshow=\"11a16112\" data-elementor-lightbox-title=\"kff-ayni-gecenin-laciverti-5\" data-e-action-hash=\"#elementor-action%3Aaction%3Dlightbox%26settings%3DeyJpZCI6MTQxOSwidXJsIjoiaHR0cHM6XC9cL2thc2ZpbG1mZXN0LmNvbVwvd3AtY29udGVudFwvdXBsb2Fkc1wvMjAyMlwvMDZcL2tmZi1heW5pLWdlY2VuaW4tbGFjaXZlcnRpLTUuanBnIiwic2xpZGVzaG93IjoiMTFhMTYxMTIifQ%3D%3D\">\n\t\t\t\t\t<div class=\"e-gallery-image elementor-gallery-item__image\" data-thumbnail=\"https:\/\/kasfilmfest.com\/wp-content\/uploads\/2022\/06\/kff-ayni-gecenin-laciverti-5-768x768.jpg\" data-width=\"768\" data-height=\"768\" aria-label=\"\" role=\"img\" ><\/div>\n\t\t\t\t\t\t\t\t\t\t\t<div class=\"elementor-gallery-item__overlay\"><\/div>\n\t\t\t\t\t\t\t\t\t\t\t\t\t\t<\/a>\n\t\t\t\t\t<\/div>\n\t\t\t\t\t<\/div>\n\t\t\t\t<\/div>\n\t\t\t\t\t<\/div>\n\t\t<\/div>\n\t\t\t\t\t<\/div>\n\t\t<\/section>\n\t\t\t\t<\/div>\n\t\t","protected":false},"excerpt":{"rendered":"<p>Ayn\u0131 Gecenin Laciverti dir. Nuri Cihan \u00d6zdo\u011fan, 15\u2019 In the present time, an old antiquarian owns a stamp which belongs to a letter sent by Adolf Hitler to Turkey during the Second World War. Kadir, ex-accomplice of Yagmur who has sworn off stealing, is after the stamp that is worth millions. He now has to persuade Yagmur to impeccably carry on with his plan. During the same night when different stories intersect, this precious stamp will end up in the hands of the one who treats it with the dignity it deserves.<\/p>\n","protected":false},"author":1,"featured_media":0,"parent":3607,"menu_order":0,"comment_status":"closed","ping_status":"closed","template":"","meta":{"_coblocks_attr":"","_coblocks_dimensions":"","_coblocks_responsive_height":"","_coblocks_accordion_ie_support":"","_monsterinsights_skip_tracking":false,"_monsterinsights_sitenote_active":false,"_monsterinsights_sitenote_note":"","_monsterinsights_sitenote_category":0,"footnotes":""},"class_list":["post-3629","page","type-page","status-publish","hentry"],"_links":{"self":[{"href":"https:\/\/kasfilmfest.com\/en\/wp-json\/wp\/v2\/pages\/3629","targetHints":{"allow":["GET"]}}],"collection":[{"href":"https:\/\/kasfilmfest.com\/en\/wp-json\/wp\/v2\/pages"}],"about":[{"href":"https:\/\/kasfilmfest.com\/en\/wp-json\/wp\/v2\/types\/page"}],"author":[{"embeddable":true,"href":"https:\/\/kasfilmfest.com\/en\/wp-json\/wp\/v2\/users\/1"}],"replies":[{"embeddable":true,"href":"https:\/\/kasfilmfest.com\/en\/wp-json\/wp\/v2\/comments?post=3629"}],"version-history":[{"count":1,"href":"https:\/\/kasfilmfest.com\/en\/wp-json\/wp\/v2\/pages\/3629\/revisions"}],"predecessor-version":[{"id":3630,"href":"https:\/\/kasfilmfest.com\/en\/wp-json\/wp\/v2\/pages\/3629\/revisions\/3630"}],"up":[{"embeddable":true,"href":"https:\/\/kasfilmfest.com\/en\/wp-json\/wp\/v2\/pages\/3607"}],"wp:attachment":[{"href":"https:\/\/kasfilmfest.com\/en\/wp-json\/wp\/v2\/media?parent=3629"}],"curies":[{"name":"wp","href":"https:\/\/api.w.org\/{rel}","templated":true}]}}