{"id":3602,"date":"2020-09-09T08:18:02","date_gmt":"2020-09-09T05:18:02","guid":{"rendered":"https:\/\/kasfilmfest.com\/main\/"},"modified":"2025-12-29T22:10:18","modified_gmt":"2025-12-29T19:10:18","slug":"main","status":"publish","type":"page","link":"https:\/\/kasfilmfest.com\/en\/","title":{"rendered":"Main"},"content":{"rendered":"\t\t<div data-elementor-type=\"wp-page\" data-elementor-id=\"3602\" class=\"elementor elementor-3602 elementor-237\" data-elementor-post-type=\"page\">\n\t\t\t\t\t\t<section class=\"elementor-section elementor-top-section elementor-element elementor-element-a6d6b1d elementor-section-boxed elementor-section-height-default elementor-section-height-default wpr-particle-no wpr-jarallax-no wpr-parallax-no wpr-sticky-section-no wpr-equal-height-no\" data-id=\"a6d6b1d\" data-element_type=\"section\" data-e-type=\"section\">\n\t\t\t\t\t\t<div class=\"elementor-container elementor-column-gap-default\">\n\t\t\t\t\t<div class=\"aux-parallax-section elementor-column elementor-col-100 elementor-top-column elementor-element elementor-element-0335dfd\" data-id=\"0335dfd\" data-element_type=\"column\" data-e-type=\"column\">\n\t\t\t<div class=\"elementor-widget-wrap elementor-element-populated\">\n\t\t\t\t\t\t<div class=\"elementor-element elementor-element-f02d5a2 elementor-widget elementor-widget-image\" data-id=\"f02d5a2\" data-element_type=\"widget\" data-e-type=\"widget\" data-widget_type=\"image.default\">\n\t\t\t\t<div class=\"elementor-widget-container\">\n\t\t\t\t\t\t\t\t\t\t\t\t\t\t\t\t<a href=\"https:\/\/filmfreeway.com\/KasFF\" target=\"_blank\">\n\t\t\t\t\t\t\t<img fetchpriority=\"high\" decoding=\"async\" width=\"1600\" height=\"720\" src=\"https:\/\/kasfilmfest.com\/wp-content\/uploads\/2025\/12\/KIFF26-Tarihler-EN-1.jpg\" class=\"attachment-full size-full wp-image-6265\" alt=\"\" srcset=\"https:\/\/kasfilmfest.com\/wp-content\/uploads\/2025\/12\/KIFF26-Tarihler-EN-1.jpg 1600w, https:\/\/kasfilmfest.com\/wp-content\/uploads\/2025\/12\/KIFF26-Tarihler-EN-1-1536x691.jpg 1536w\" sizes=\"(max-width: 1600px) 100vw, 1600px\" \/>\t\t\t\t\t\t\t\t<\/a>\n\t\t\t\t\t\t\t\t\t\t\t\t\t\t\t<\/div>\n\t\t\t\t<\/div>\n\t\t\t\t\t<\/div>\n\t\t<\/div>\n\t\t\t\t\t<\/div>\n\t\t<\/section>\n\t\t\t\t<section class=\"elementor-section elementor-top-section elementor-element elementor-element-7a131057 elementor-section-content-middle elementor-section-boxed elementor-section-height-default elementor-section-height-default wpr-particle-no wpr-jarallax-no wpr-parallax-no wpr-sticky-section-no wpr-equal-height-no\" data-id=\"7a131057\" data-element_type=\"section\" data-e-type=\"section\">\n\t\t\t\t\t\t<div class=\"elementor-container elementor-column-gap-no\">\n\t\t\t\t\t<div class=\"aux-parallax-section elementor-column elementor-col-50 elementor-top-column elementor-element elementor-element-218d8a3f\" data-id=\"218d8a3f\" data-element_type=\"column\" data-e-type=\"column\">\n\t\t\t<div class=\"elementor-widget-wrap elementor-element-populated\">\n\t\t\t\t\t\t<div class=\"elementor-element elementor-element-4914bb4b aux-appear-watch-animation aux-fade-in-up-2 elementor-widget elementor-widget-aux_simple_svg\" data-id=\"4914bb4b\" data-element_type=\"widget\" data-e-type=\"widget\" data-settings=\"{&quot;motion_fx_motion_fx_scrolling&quot;:&quot;yes&quot;,&quot;motion_fx_blur_effect&quot;:&quot;yes&quot;,&quot;motion_fx_blur_direction&quot;:&quot;in-out&quot;,&quot;motion_fx_blur_level&quot;:{&quot;unit&quot;:&quot;px&quot;,&quot;size&quot;:10,&quot;sizes&quot;:[]},&quot;motion_fx_rotateZ_effect&quot;:&quot;yes&quot;,&quot;motion_fx_rotateZ_direction&quot;:&quot;negative&quot;,&quot;motion_fx_rotateZ_affectedRange&quot;:{&quot;unit&quot;:&quot;%&quot;,&quot;size&quot;:&quot;&quot;,&quot;sizes&quot;:{&quot;start&quot;:20,&quot;end&quot;:100}},&quot;motion_fx_blur_range&quot;:{&quot;unit&quot;:&quot;%&quot;,&quot;size&quot;:&quot;&quot;,&quot;sizes&quot;:{&quot;start&quot;:20,&quot;end&quot;:80}},&quot;motion_fx_rotateZ_speed&quot;:{&quot;unit&quot;:&quot;px&quot;,&quot;size&quot;:1,&quot;sizes&quot;:[]},&quot;motion_fx_devices&quot;:[&quot;desktop&quot;,&quot;tablet&quot;,&quot;mobile&quot;]}\" data-widget_type=\"aux_simple_svg.default\">\n\t\t\t\t<div class=\"elementor-widget-container\">\n\t\t\t\t\t    <div class=\"aux-widget-container aux-simple-svg-container\">\n        <div class=\"aux-widget-container-inner\">\n            <div class=\"aux-the-svg\"><img decoding=\"async\" src=\"https:\/\/kasfilmfest.com\/wp-content\/uploads\/2021\/12\/goz_kirmizi.svg\" title=\"goz_kirmizi\" alt=\"goz_kirmizi\" loading=\"lazy\" \/><\/div>\n        <\/div>\n    <\/div>\n    \t\t\t\t<\/div>\n\t\t\t\t<\/div>\n\t\t\t\t<div class=\"elementor-element elementor-element-13fde1c9 aux-appear-watch-animation aux-fade-in-up elementor-widget elementor-widget-aux_modern_heading\" data-id=\"13fde1c9\" data-element_type=\"widget\" data-e-type=\"widget\" data-widget_type=\"aux_modern_heading.default\">\n\t\t\t\t<div class=\"elementor-widget-container\">\n\t\t\t\t\t<section class=\"aux-widget-modern-heading\">\n            <div class=\"aux-widget-inner\"><h2 class=\"aux-modern-heading-primary\">KI<span>FF'25<\/span><\/h2><div class=\"aux-modern-heading-description\"><p>The Ka\u015f International Film Festival welcomes filmmakers and moviegoers to Ka\u015f, a uniquely beautiful coastal town on the Mediterranean coast of T\u00fcrkiye.<\/p>\n<p>A selection of films that combine the intertwining of culture, art and nature accompanied by the endless Mediterranean turquoise meet an enthusiastic audience in the colorful atmosphere of Ka\u015f.<\/p>\n<\/div><\/div>\n        <\/section>\t\t\t\t<\/div>\n\t\t\t\t<\/div>\n\t\t\t\t<div class=\"elementor-element elementor-element-dee87de elementor-widget elementor-widget-aux_button\" data-id=\"dee87de\" data-element_type=\"widget\" data-e-type=\"widget\" data-widget_type=\"aux_button.default\">\n\t\t\t\t<div class=\"elementor-widget-container\">\n\t\t\t\t\t<a  href=\"https:\/\/www.instagram.com\/kasfilmfest\/\" target=\"_blank\"   class=\"aux-button aux-large aux-carmine-pink aux-curve aux-none aux-icon-left\" ><span class=\"aux-overlay\"><\/span><i aria-hidden=\"true\" class=\"aux-icon fab fa-instagram\"><\/i><span class=\"aux-text\">kasfilmfest<\/span><\/a>\t\t\t\t<\/div>\n\t\t\t\t<\/div>\n\t\t\t\t\t<\/div>\n\t\t<\/div>\n\t\t\t\t<div class=\"aux-parallax-section elementor-column elementor-col-50 elementor-top-column elementor-element elementor-element-33dda9d9\" data-id=\"33dda9d9\" data-element_type=\"column\" data-e-type=\"column\">\n\t\t\t<div class=\"elementor-widget-wrap elementor-element-populated\">\n\t\t\t\t\t\t<div class=\"elementor-element elementor-element-26ce8e61 elementor-widget elementor-widget-aux_image\" data-id=\"26ce8e61\" data-element_type=\"widget\" data-e-type=\"widget\" data-widget_type=\"aux_image.default\">\n\t\t\t\t<div class=\"elementor-widget-container\">\n\t\t\t\t\t<section class=\"widget-container aux-widget-image aux-alignnone aux-parent-au5985616a\">\n    <div class=\"aux-media-hint-frame \">\n        <div class=\"aux-media-image \" >\n        \n            \n\n            \n            <img decoding=\"async\" width=\"720\" height=\"699\" src=\"https:\/\/kasfilmfest.com\/wp-content\/uploads\/2023\/05\/2-1.jpg\" class=\"aux-attachment aux-featured-image aux-attachment-id-2095\" alt=\"2\" data-ratio=\"1.03\" data-original-w=\"720\" \/>            \n                <\/div>\n    <\/div>\n\n<\/section><!-- widget-container -->\t\t\t\t<\/div>\n\t\t\t\t<\/div>\n\t\t\t\t<div class=\"elementor-element elementor-element-1b7baa8f elementor-widget__width-auto elementor-widget elementor-widget-aux_modern_heading\" data-id=\"1b7baa8f\" data-element_type=\"widget\" data-e-type=\"widget\" data-widget_type=\"aux_modern_heading.default\">\n\t\t\t\t<div class=\"elementor-widget-container\">\n\t\t\t\t\t<section class=\"aux-widget-modern-heading\">\n            <div class=\"aux-widget-inner\"><div class=\"aux-modern-heading-divider\"><\/div><h2 class=\"aux-modern-heading-primary\">Ancient Theatre<\/h2><\/div>\n        <\/section>\t\t\t\t<\/div>\n\t\t\t\t<\/div>\n\t\t\t\t\t<\/div>\n\t\t<\/div>\n\t\t\t\t\t<\/div>\n\t\t<\/section>\n\t\t\t\t<section class=\"elementor-section elementor-top-section elementor-element elementor-element-ddae334 elementor-section-boxed elementor-section-height-default elementor-section-height-default wpr-particle-no wpr-jarallax-no wpr-parallax-no wpr-sticky-section-no wpr-equal-height-no\" data-id=\"ddae334\" data-element_type=\"section\" data-e-type=\"section\" id=\"sponsorlar\" data-settings=\"{&quot;background_background&quot;:&quot;classic&quot;}\">\n\t\t\t\t\t\t<div class=\"elementor-container elementor-column-gap-no\">\n\t\t\t\t\t<div class=\"aux-parallax-section elementor-column elementor-col-100 elementor-top-column elementor-element elementor-element-4780ec8\" data-id=\"4780ec8\" data-element_type=\"column\" data-e-type=\"column\">\n\t\t\t<div class=\"elementor-widget-wrap elementor-element-populated\">\n\t\t\t\t\t\t<div class=\"elementor-element elementor-element-77ecd85e aux-appear-watch-animation aux-slide-from-bot elementor-widget elementor-widget-aux_modern_heading\" data-id=\"77ecd85e\" data-element_type=\"widget\" data-e-type=\"widget\" data-widget_type=\"aux_modern_heading.default\">\n\t\t\t\t<div class=\"elementor-widget-container\">\n\t\t\t\t\t<section class=\"aux-widget-modern-heading\">\n            <div class=\"aux-widget-inner\"><h2 class=\"aux-modern-heading-primary\">SUP<span>PORTERS<\/span><\/h2><\/div>\n        <\/section>\t\t\t\t<\/div>\n\t\t\t\t<\/div>\n\t\t\t\t<section class=\"elementor-section elementor-inner-section elementor-element elementor-element-13b906d0 elementor-section-content-middle aux-appear-watch-animation aux-fade-in-up-2 elementor-section-boxed elementor-section-height-default elementor-section-height-default wpr-particle-no wpr-jarallax-no wpr-parallax-no wpr-sticky-section-no wpr-equal-height-no\" data-id=\"13b906d0\" data-element_type=\"section\" data-e-type=\"section\">\n\t\t\t\t\t\t<div class=\"elementor-container elementor-column-gap-no\">\n\t\t\t\t\t<div class=\"aux-parallax-section elementor-column elementor-col-20 elementor-inner-column elementor-element elementor-element-7d22247e\" data-id=\"7d22247e\" data-element_type=\"column\" data-e-type=\"column\">\n\t\t\t<div class=\"elementor-widget-wrap elementor-element-populated\">\n\t\t\t\t\t\t<div class=\"elementor-element elementor-element-24c0eb98 elementor-widget elementor-widget-aux_image\" data-id=\"24c0eb98\" data-element_type=\"widget\" data-e-type=\"widget\" data-widget_type=\"aux_image.default\">\n\t\t\t\t<div class=\"elementor-widget-container\">\n\t\t\t\t\t<section class=\"widget-container aux-widget-image aux-alignnone aux-parent-auea1caba8\">\n    <div class=\"aux-media-hint-frame \">\n        <div class=\"aux-media-image aux-hover-active\" >\n                    <a class=\"\" href=\"https:\/\/www.ktb.gov.tr\" data-elementor-open-lightbox=\"no\" data-original-width=\"1259\" data-original-height=\"354\" data-caption=\"ktbtrbeyaz@4x\" target=\"_blank\"  >\n        \n            \n\n            \n                            <div class=\"aux-image-holder aux-image-has-secondary\">\n                    <img decoding=\"async\" width=\"1259\" height=\"354\" src=\"https:\/\/kasfilmfest.com\/wp-content\/uploads\/2022\/04\/ktbtrbeyaz@4x.png\" class=\"aux-attachment aux-featured-image aux-attachment-id-1125\" alt=\"ktbtrbeyaz@4x\" data-ratio=\"3.56\" data-original-w=\"1259\" \/>                    <img loading=\"lazy\" decoding=\"async\" width=\"1259\" height=\"354\" src=\"https:\/\/kasfilmfest.com\/wp-content\/uploads\/2022\/04\/ktbtrcolor@4x.png\" class=\"aux-attachment aux-featured-image attachment-1259x354 aux-attachment-id-1126 \" alt=\"ktbtrcolor@4x\" data-ratio=\"3.56\" data-original-w=\"1259\" \/>                <\/div>\n            \n                    <\/a>\n                <\/div>\n    <\/div>\n\n<\/section><!-- widget-container -->\t\t\t\t<\/div>\n\t\t\t\t<\/div>\n\t\t\t\t\t<\/div>\n\t\t<\/div>\n\t\t\t\t<div class=\"aux-parallax-section elementor-column elementor-col-20 elementor-inner-column elementor-element elementor-element-bcdb67a\" data-id=\"bcdb67a\" data-element_type=\"column\" data-e-type=\"column\">\n\t\t\t<div class=\"elementor-widget-wrap elementor-element-populated\">\n\t\t\t\t\t\t<div class=\"elementor-element elementor-element-87e8f68 elementor-widget__width-initial elementor-widget elementor-widget-aux_image\" data-id=\"87e8f68\" data-element_type=\"widget\" data-e-type=\"widget\" data-widget_type=\"aux_image.default\">\n\t\t\t\t<div class=\"elementor-widget-container\">\n\t\t\t\t\t<section class=\"widget-container aux-widget-image aux-alignnone aux-parent-au5bf5c6ee\">\n    <div class=\"aux-media-hint-frame \">\n        <div class=\"aux-media-image aux-hover-active\" >\n                    <a class=\"\" href=\"https:\/\/tga.gov.tr\/\" data-elementor-open-lightbox=\"no\" data-original-width=\"370\" data-original-height=\"216\" data-caption=\"tgatr\" target=\"_blank\"  >\n        \n            \n\n            \n                            <div class=\"aux-image-holder aux-image-has-secondary\">\n                    <img loading=\"lazy\" decoding=\"async\" width=\"370\" height=\"216\" src=\"https:\/\/kasfilmfest.com\/wp-content\/uploads\/2023\/12\/tgatr.png\" class=\"aux-attachment aux-featured-image aux-attachment-id-3171\" alt=\"tgatr\" data-ratio=\"1.71\" data-original-w=\"370\" \/>                    <img loading=\"lazy\" decoding=\"async\" width=\"370\" height=\"216\" src=\"https:\/\/kasfilmfest.com\/wp-content\/uploads\/2023\/12\/tgaen.png\" class=\"aux-attachment aux-featured-image attachment-370x216 aux-attachment-id-3170 \" alt=\"tgaen\" data-ratio=\"1.71\" data-original-w=\"370\" \/>                <\/div>\n            \n                    <\/a>\n                <\/div>\n    <\/div>\n\n<\/section><!-- widget-container -->\t\t\t\t<\/div>\n\t\t\t\t<\/div>\n\t\t\t\t\t<\/div>\n\t\t<\/div>\n\t\t\t\t<div class=\"aux-parallax-section elementor-column elementor-col-20 elementor-inner-column elementor-element elementor-element-1bc203c6\" data-id=\"1bc203c6\" data-element_type=\"column\" data-e-type=\"column\">\n\t\t\t<div class=\"elementor-widget-wrap elementor-element-populated\">\n\t\t\t\t\t\t<div class=\"elementor-element elementor-element-7ebad2f2 elementor-widget__width-initial elementor-widget elementor-widget-aux_image\" data-id=\"7ebad2f2\" data-element_type=\"widget\" data-e-type=\"widget\" data-widget_type=\"aux_image.default\">\n\t\t\t\t<div class=\"elementor-widget-container\">\n\t\t\t\t\t<section class=\"widget-container aux-widget-image aux-alignnone aux-parent-au7e269ba0\">\n    <div class=\"aux-media-hint-frame \">\n        <div class=\"aux-media-image aux-hover-active\" >\n                    <a class=\"\" href=\"https:\/\/www.kas.bel.tr\" data-elementor-open-lightbox=\"no\" data-original-width=\"1274\" data-original-height=\"1274\" data-caption=\"kasbldlogo\" target=\"_blank\"  >\n        \n            \n\n            \n                            <div class=\"aux-image-holder aux-image-has-secondary\">\n                    <img loading=\"lazy\" decoding=\"async\" width=\"1274\" height=\"1274\" src=\"https:\/\/kasfilmfest.com\/wp-content\/uploads\/2021\/12\/kasbldlogo.png\" class=\"aux-attachment aux-featured-image aux-attachment-id-844\" alt=\"kasbldlogo\" data-ratio=\"1\" data-original-w=\"1274\" \/>                    <img loading=\"lazy\" decoding=\"async\" width=\"1274\" height=\"1274\" src=\"https:\/\/kasfilmfest.com\/wp-content\/uploads\/2021\/12\/kasbldlogo2.png\" class=\"aux-attachment aux-featured-image attachment-1274x1274 aux-attachment-id-849 \" alt=\"kasbldlogo2\" data-ratio=\"1\" data-original-w=\"1274\" \/>                <\/div>\n            \n                    <\/a>\n                <\/div>\n    <\/div>\n\n<\/section><!-- widget-container -->\t\t\t\t<\/div>\n\t\t\t\t<\/div>\n\t\t\t\t\t<\/div>\n\t\t<\/div>\n\t\t\t\t<div class=\"aux-parallax-section elementor-column elementor-col-20 elementor-inner-column elementor-element elementor-element-114f921\" data-id=\"114f921\" data-element_type=\"column\" data-e-type=\"column\">\n\t\t\t<div class=\"elementor-widget-wrap elementor-element-populated\">\n\t\t\t\t\t\t<div class=\"elementor-element elementor-element-2e50cb9 elementor-widget elementor-widget-aux_image\" data-id=\"2e50cb9\" data-element_type=\"widget\" data-e-type=\"widget\" data-widget_type=\"aux_image.default\">\n\t\t\t\t<div class=\"elementor-widget-container\">\n\t\t\t\t\t<section class=\"widget-container aux-widget-image aux-alignnone aux-parent-au6fe9c3c9\">\n    <div class=\"aux-media-hint-frame \">\n        <div class=\"aux-media-image aux-hover-active\" >\n                    <a class=\"\" href=\"https:\/\/www.antalya.bel.tr\/?l=tr\" data-elementor-open-lightbox=\"no\" data-original-width=\"220\" data-original-height=\"109\" data-caption=\"anka beyaz\" target=\"_blank\"  >\n        \n            \n\n            \n                            <div class=\"aux-image-holder aux-image-has-secondary\">\n                    <img loading=\"lazy\" decoding=\"async\" width=\"220\" height=\"109\" src=\"https:\/\/kasfilmfest.com\/wp-content\/uploads\/2025\/05\/anka-beyaz.png\" class=\"aux-attachment aux-featured-image aux-attachment-id-5817\" alt=\"anka beyaz\" data-ratio=\"2.02\" data-original-w=\"220\" \/>                    <img loading=\"lazy\" decoding=\"async\" width=\"220\" height=\"109\" src=\"https:\/\/kasfilmfest.com\/wp-content\/uploads\/2025\/05\/anka-seffaf-logo.png\" class=\"aux-attachment aux-featured-image attachment-220x109 aux-attachment-id-5815 \" alt=\"anka \u015feffaf logo\" data-ratio=\"2.02\" data-original-w=\"220\" \/>                <\/div>\n            \n                    <\/a>\n                <\/div>\n    <\/div>\n\n<\/section><!-- widget-container -->\t\t\t\t<\/div>\n\t\t\t\t<\/div>\n\t\t\t\t\t<\/div>\n\t\t<\/div>\n\t\t\t\t<div class=\"aux-parallax-section elementor-column elementor-col-20 elementor-inner-column elementor-element elementor-element-6f078e10\" data-id=\"6f078e10\" data-element_type=\"column\" data-e-type=\"column\">\n\t\t\t<div class=\"elementor-widget-wrap elementor-element-populated\">\n\t\t\t\t\t\t<div class=\"elementor-element elementor-element-56788092 elementor-widget elementor-widget-aux_image\" data-id=\"56788092\" data-element_type=\"widget\" data-e-type=\"widget\" data-widget_type=\"aux_image.default\">\n\t\t\t\t<div class=\"elementor-widget-container\">\n\t\t\t\t\t<section class=\"widget-container aux-widget-image aux-alignnone aux-parent-auf4c1121c\">\n    <div class=\"aux-media-hint-frame \">\n        <div class=\"aux-media-image aux-hover-active\" >\n                    <a class=\"\" href=\"https:\/\/www.antalya.bel.tr\/?l=tr\" data-elementor-open-lightbox=\"no\" data-original-width=\"220\" data-original-height=\"109\" data-caption=\"logolar galiba 2\" target=\"_blank\"  >\n        \n            \n\n            \n                            <div class=\"aux-image-holder aux-image-has-secondary\">\n                    <img loading=\"lazy\" decoding=\"async\" width=\"220\" height=\"109\" src=\"https:\/\/kasfilmfest.com\/wp-content\/uploads\/2025\/05\/logolar-galiba-2.png\" class=\"aux-attachment aux-featured-image aux-attachment-id-5809\" alt=\"logolar galiba 2\" data-ratio=\"2.02\" data-original-w=\"220\" \/>                    <img loading=\"lazy\" decoding=\"async\" width=\"220\" height=\"109\" src=\"https:\/\/kasfilmfest.com\/wp-content\/uploads\/2025\/05\/ggkgkfraport-tav.png\" class=\"aux-attachment aux-featured-image attachment-220x109 aux-attachment-id-5810 \" alt=\"fraport tav\" data-ratio=\"2.02\" data-original-w=\"220\" \/>                <\/div>\n            \n                    <\/a>\n                <\/div>\n    <\/div>\n\n<\/section><!-- widget-container -->\t\t\t\t<\/div>\n\t\t\t\t<\/div>\n\t\t\t\t\t<\/div>\n\t\t<\/div>\n\t\t\t\t\t<\/div>\n\t\t<\/section>\n\t\t\t\t\t<\/div>\n\t\t<\/div>\n\t\t\t\t\t<\/div>\n\t\t<\/section>\n\t\t\t\t<\/div>\n\t\t","protected":false},"excerpt":{"rendered":"<p>KIFF&#8217;25 The Ka\u015f International Film Festival welcomes filmmakers and moviegoers to Ka\u015f, a uniquely beautiful coastal town on the Mediterranean coast of T\u00fcrkiye. A selection of films that combine the intertwining of culture, art and nature accompanied by the endless Mediterranean turquoise meet an enthusiastic audience in the colorful atmosphere of Ka\u015f. kasfilmfest Ancient Theatre SUPPORTERS<\/p>\n","protected":false},"author":1,"featured_media":0,"parent":0,"menu_order":0,"comment_status":"closed","ping_status":"closed","template":"","meta":{"_coblocks_attr":"","_coblocks_dimensions":"","_coblocks_responsive_height":"","_coblocks_accordion_ie_support":"","_monsterinsights_skip_tracking":false,"_monsterinsights_sitenote_active":false,"_monsterinsights_sitenote_note":"","_monsterinsights_sitenote_category":0,"footnotes":""},"class_list":["post-3602","page","type-page","status-publish","hentry"],"_links":{"self":[{"href":"https:\/\/kasfilmfest.com\/en\/wp-json\/wp\/v2\/pages\/3602","targetHints":{"allow":["GET"]}}],"collection":[{"href":"https:\/\/kasfilmfest.com\/en\/wp-json\/wp\/v2\/pages"}],"about":[{"href":"https:\/\/kasfilmfest.com\/en\/wp-json\/wp\/v2\/types\/page"}],"author":[{"embeddable":true,"href":"https:\/\/kasfilmfest.com\/en\/wp-json\/wp\/v2\/users\/1"}],"replies":[{"embeddable":true,"href":"https:\/\/kasfilmfest.com\/en\/wp-json\/wp\/v2\/comments?post=3602"}],"version-history":[{"count":32,"href":"https:\/\/kasfilmfest.com\/en\/wp-json\/wp\/v2\/pages\/3602\/revisions"}],"predecessor-version":[{"id":6283,"href":"https:\/\/kasfilmfest.com\/en\/wp-json\/wp\/v2\/pages\/3602\/revisions\/6283"}],"wp:attachment":[{"href":"https:\/\/kasfilmfest.com\/en\/wp-json\/wp\/v2\/media?parent=3602"}],"curies":[{"name":"wp","href":"https:\/\/api.w.org\/{rel}","templated":true}]}}